{"id":13271,"date":"2014-09-06T21:41:32","date_gmt":"2014-09-06T20:41:32","guid":{"rendered":"http:\/\/joyn.swiftideas.com\/?page_id=13271"},"modified":"2023-10-17T09:39:11","modified_gmt":"2023-10-17T08:39:11","slug":"accueil","status":"publish","type":"page","link":"https:\/\/www.b-et-c.com\/en\/","title":{"rendered":"Accueil"},"content":{"rendered":"\t\t<div data-elementor-type=\"wp-post\" data-elementor-id=\"13271\" class=\"elementor elementor-13271\">\n\t\t\t\t\t\t<section class=\"elementor-section elementor-top-section elementor-element elementor-element-6a2cb33e elementor-section-boxed elementor-section-height-default elementor-section-height-default\" data-id=\"6a2cb33e\" data-element_type=\"section\" data-e-type=\"section\">\n\t\t\t\t\t\t<div class=\"elementor-container elementor-column-gap-default\">\n\t\t\t\t\t<div class=\"elementor-column elementor-col-100 elementor-top-column elementor-element elementor-element-7831f0d4\" data-id=\"7831f0d4\" data-element_type=\"column\" data-e-type=\"column\">\n\t\t\t<div class=\"elementor-widget-wrap elementor-element-populated\">\n\t\t\t\t\t\t<div class=\"elementor-element elementor-element-27d93c61 elementor-widget elementor-widget-shortcode\" data-id=\"27d93c61\" data-element_type=\"widget\" data-e-type=\"widget\" data-widget_type=\"shortcode.default\">\n\t\t\t\t<div class=\"elementor-widget-container\">\n\t\t\t\t\t\t\t<div class=\"elementor-shortcode\">[spb_row element_name=\"Row\" wrap_type=\"content-width\" row_bg_type=\"color\" color_row_height=\"content-height\" bg_type=\"cover\" parallax_image_height=\"content-height\" parallax_image_movement=\"fixed\" parallax_image_speed=\"0.5\" bg_video_loop=\"yes\" parallax_video_height=\"window-height\" row_top_style=\"none\" row_bottom_style=\"none\" parallax_video_overlay=\"none\" row_overlay_opacity=\"0\" remove_element_spacing=\"no\" row_col_pos=\"default\" row_expanding=\"no\" row_animation=\"none\" row_animation_delay=\"400\" width=\"1\/1\" el_position=\"first last\"] [spb_blank_spacer height=\"60px\" width=\"1\/1\" el_position=\"first last\"] [spb_text_block title=\"Notre histoire\" animation=\"none\" animation_delay=\"0\" simplified_controls=\"yes\" custom_css_percentage=\"no\" padding_vertical=\"0\" padding_horizontal=\"0\" margin_vertical=\"0\" custom_css=\"margin-top: 0px;margin-bottom: 0px;\" border_size=\"0\" border_styling_global=\"default\" width=\"1\/2\" el_position=\"last\"]\n<p class=\"p1\" style=\"text-align: justify;\"><span class=\"s1\"><a href=\"http:\/\/www.b-et-c.com\/wp-content\/uploads\/2014\/09\/DSC_5115-Edit-light.jpg\"><img decoding=\"async\" class=\"size-thumbnail wp-image-15428 alignleft\" src=\"http:\/\/www.b-et-c.com\/wp-content\/uploads\/2014\/09\/DSC_5115-Edit-light-150x150.jpg\" alt=\"DSC_5115-Edit light\" width=\"150\" height=\"20\" data-pin-nopin=\"true\" \/><\/a><\/span>L\u2019aventure Barr\u00e8re et Capdevielle commence en 2010 quand Florent Barr\u00e8re apr\u00e8s plusieurs ann\u00e9es pass\u00e9es \u00e0 arpenter les grands vignobles du monde donne corps \u00e0 sa passion en important quelques-uns des plus beaux producteurs d\u2019Espagne \u00e0 Bordeaux.\n<br>Le succ\u00e8s, tr\u00e8s vite au rendez-vous, s\u2019acc\u00e9l\u00e8re avec l\u2019arriv\u00e9e dans la s\u00e9lection de prestigieux domaines d\u2019Italie, d\u2019Argentine, du Chili, d\u2019Allemagne, de Nouvelle-Z\u00e9lande \u2026 Des vignerons \u00e0 la notori\u00e9t\u00e9 internationale confient \u00e0 Barr\u00e8re et Capdevielle le soin de les repr\u00e9senter en France : Markus Molitor, Dal Forno, Vietti,  Contador, El Enemigo, Ferrari, Sigalas. La soci\u00e9t\u00e9 a su nouer un lien de confiance avec de nombreux producteurs ainsi qu\u2019avec un solide r\u00e9seau de professionnels du CHR, du e-commerce et du n\u00e9goce en France. <\/span><span class=\"s1\"><br>Fort de ses 14 ann\u00e9es d\u2019expertise, Barr\u00e8re et Capdevielle s\u2019impose aujourd\u2019hui comme un acteur incontournable de l\u2019import et la distribution des grands vins \u00e9trangers. \n<\/span><\/p>\n[\/spb_text_block] [spb_blank_spacer height=\"60px\" width=\"1\/1\" el_position=\"first last\"] [spb_parallax parallax_type=\"image\" bg_image=\"31388\" bg_type=\"cover\" parallax_video_height=\"content-height\" parallax_video_overlay=\"none\" parallax_image_height=\"content-height\" parallax_image_movement=\"fixed\" parallax_image_speed=\"0.5\" padding_horizontal=\"20\" width=\"1\/1\" el_position=\"first last\"]\n\n<img fetchpriority=\"high\" decoding=\"async\" class=\"aligncenter wp-image-15504\" src=\"http:\/\/www.b-et-c.com\/wp-content\/uploads\/2014\/09\/barrereblanc.png\" alt=\"barrereblanc\" width=\"700\" height=\"90\" data-pin-nopin=\"true\" srcset=\"https:\/\/www.b-et-c.com\/wp-content\/uploads\/2014\/09\/barrereblanc.png 817w, https:\/\/www.b-et-c.com\/wp-content\/uploads\/2014\/09\/barrereblanc-200x26.png 200w, https:\/\/www.b-et-c.com\/wp-content\/uploads\/2014\/09\/barrereblanc-300x39.png 300w, https:\/\/www.b-et-c.com\/wp-content\/uploads\/2014\/09\/barrereblanc-600x77.png 600w\" sizes=\"(max-width: 700px) 100vw, 700px\" \/>\n\n[\/spb_parallax] [spb_blank_spacer height=\"60px\" width=\"1\/1\" el_position=\"first last\"] [spb_recent_posts title=\"Derni\u00e8res actualit\u00e9s\" display_type=\"standard\" carousel=\"no\" item_columns=\"4\" item_count=\"4\" category=\"All\" offset=\"0\" posts_order=\"DESC\" excerpt_length=\"20\" fullwidth=\"no\" gutters=\"yes\" button_enabled=\"no\" pagination=\"yes\" width=\"1\/1\" el_position=\"first last\"] [spb_blank_spacer height=\"60px\" width=\"1\/1\" el_position=\"first last\"] [\/spb_row]<\/div>\n\t\t\t\t\t\t<\/div>\n\t\t\t\t<\/div>\n\t\t\t\t\t<\/div>\n\t\t<\/div>\n\t\t\t\t\t<\/div>\n\t\t<\/section>\n\t\t\t\t<\/div>\n\t\t","protected":false},"excerpt":{"rendered":"<p>[spb_row element_name=\u00a0\u00bbRow\u00a0\u00bb wrap_type=\u00a0\u00bbcontent-width\u00a0\u00bb row_bg_type=\u00a0\u00bbcolor\u00a0\u00bb color_row_height=\u00a0\u00bbcontent-height\u00a0\u00bb bg_type=\u00a0\u00bbcover\u00a0\u00bb parallax_image_height=\u00a0\u00bbcontent-height\u00a0\u00bb parallax_image_movement=\u00a0\u00bbfixed\u00a0\u00bb parallax_image_speed=\u00a0\u00bb0.5&Prime; bg_video_loop=\u00a0\u00bbyes\u00a0\u00bb parallax_video_height=\u00a0\u00bbwindow-height\u00a0\u00bb row_top_style=\u00a0\u00bbnone\u00a0\u00bb row_bottom_style=\u00a0\u00bbnone\u00a0\u00bb parallax_video_overlay=\u00a0\u00bbnone\u00a0\u00bb row_overlay_opacity=\u00a0\u00bb0&Prime; remove_element_spacing=\u00a0\u00bbno\u00a0\u00bb row_col_pos=\u00a0\u00bbdefault\u00a0\u00bb row_expanding=\u00a0\u00bbno\u00a0\u00bb row_animation=\u00a0\u00bbnone\u00a0\u00bb row_animation_delay=\u00a0\u00bb400&Prime; width=\u00a0\u00bb1\/1&Prime; el_position=\u00a0\u00bbfirst last\u00a0\u00bb] [spb_blank_spacer height=\u00a0\u00bb60px\u00a0\u00bb width=\u00a0\u00bb1\/1&Prime; el_position=\u00a0\u00bbfirst last\u00a0\u00bb] [spb_text_block title=\u00a0\u00bbNotre histoire\u00a0\u00bb animation=\u00a0\u00bbnone\u00a0\u00bb animation_delay=\u00a0\u00bb0&Prime; simplified_controls=\u00a0\u00bbyes\u00a0\u00bb custom_css_percentage=\u00a0\u00bbno\u00a0\u00bb padding_vertical=\u00a0\u00bb0&Prime; padding_horizontal=\u00a0\u00bb0&Prime; margin_vertical=\u00a0\u00bb0&Prime; custom_css=\u00a0\u00bbmargin-top: 0px;margin-bottom: 0px;\u00a0\u00bb border_size=\u00a0\u00bb0&Prime; border_styling_global=\u00a0\u00bbdefault\u00a0\u00bb width=\u00a0\u00bb1\/2&Prime; el_position=\u00a0\u00bblast\u00a0\u00bb] L\u2019aventure Barr\u00e8re et Capdevielle commence en 2010 quand Florent Barr\u00e8re apr\u00e8s plusieurs ann\u00e9es pass\u00e9es \u00e0 [&hellip;]<\/p>\n","protected":false},"author":5,"featured_media":0,"parent":0,"menu_order":0,"comment_status":"closed","ping_status":"closed","template":"","meta":{"_monsterinsights_skip_tracking":false,"_monsterinsights_sitenote_active":false,"_monsterinsights_sitenote_note":"","_monsterinsights_sitenote_category":0,"footnotes":""},"class_list":["post-13271","page","type-page","status-publish","hentry"],"aioseo_notices":[],"_links":{"self":[{"href":"https:\/\/www.b-et-c.com\/en\/wp-json\/wp\/v2\/pages\/13271","targetHints":{"allow":["GET"]}}],"collection":[{"href":"https:\/\/www.b-et-c.com\/en\/wp-json\/wp\/v2\/pages"}],"about":[{"href":"https:\/\/www.b-et-c.com\/en\/wp-json\/wp\/v2\/types\/page"}],"author":[{"embeddable":true,"href":"https:\/\/www.b-et-c.com\/en\/wp-json\/wp\/v2\/users\/5"}],"replies":[{"embeddable":true,"href":"https:\/\/www.b-et-c.com\/en\/wp-json\/wp\/v2\/comments?post=13271"}],"version-history":[{"count":81,"href":"https:\/\/www.b-et-c.com\/en\/wp-json\/wp\/v2\/pages\/13271\/revisions"}],"predecessor-version":[{"id":31446,"href":"https:\/\/www.b-et-c.com\/en\/wp-json\/wp\/v2\/pages\/13271\/revisions\/31446"}],"wp:attachment":[{"href":"https:\/\/www.b-et-c.com\/en\/wp-json\/wp\/v2\/media?parent=13271"}],"curies":[{"name":"wp","href":"https:\/\/api.w.org\/{rel}","templated":true}]}}